{"id":2248,"date":"2022-08-29T02:18:23","date_gmt":"2022-08-29T02:18:23","guid":{"rendered":"https:\/\/www.eceplast.com.tr\/kvkk-ve-gizlilik-politikasi\/"},"modified":"2022-12-04T12:16:48","modified_gmt":"2022-12-04T12:16:48","slug":"privacy-policy","status":"publish","type":"page","link":"https:\/\/www.eceplast.com.tr\/en\/privacy-policy\/","title":{"rendered":"Privacy Policy"},"content":{"rendered":"\t\t<div data-elementor-type=\"wp-page\" data-elementor-id=\"2248\" class=\"elementor elementor-2248 elementor-1197\">\n\t\t\t\t\t\t\t\t\t<section class=\"elementor-section elementor-top-section elementor-element elementor-element-2c96b0a elementor-section-full_width elementor-section-stretched elementor-section-height-default elementor-section-height-default\" data-id=\"2c96b0a\" data-element_type=\"section\" data-settings=\"{&quot;background_background&quot;:&quot;classic&quot;,&quot;stretch_section&quot;:&quot;section-stretched&quot;}\">\n\t\t\t\t\t\t<div class=\"elementor-container elementor-column-gap-no\">\n\t\t\t\t\t<div class=\"elementor-column elementor-col-100 elementor-top-column elementor-element elementor-element-519b284\" data-id=\"519b284\" data-element_type=\"column\">\n\t\t\t<div class=\"elementor-widget-wrap elementor-element-populated\">\n\t\t\t\t\t\t\t\t<div class=\"elementor-element elementor-element-df307f4 elementor-widget elementor-widget-spacer\" data-id=\"df307f4\" data-element_type=\"widget\" data-widget_type=\"spacer.default\">\n\t\t\t\t<div class=\"elementor-widget-container\">\n\t\t\t<style>\/*! elementor - v3.9.0 - 06-12-2022 *\/\n.elementor-column .elementor-spacer-inner{height:var(--spacer-size)}.e-con{--container-widget-width:100%}.e-con-inner>.elementor-widget-spacer,.e-con>.elementor-widget-spacer{width:var(--container-widget-width,var(--spacer-size));--align-self:var(--container-widget-align-self,initial);--flex-shrink:0}.e-con-inner>.elementor-widget-spacer>.elementor-widget-container,.e-con-inner>.elementor-widget-spacer>.elementor-widget-container>.elementor-spacer,.e-con>.elementor-widget-spacer>.elementor-widget-container,.e-con>.elementor-widget-spacer>.elementor-widget-container>.elementor-spacer{height:100%}.e-con-inner>.elementor-widget-spacer>.elementor-widget-container>.elementor-spacer>.elementor-spacer-inner,.e-con>.elementor-widget-spacer>.elementor-widget-container>.elementor-spacer>.elementor-spacer-inner{height:var(--container-widget-height,var(--spacer-size))}<\/style>\t\t<div class=\"elementor-spacer\">\n\t\t\t<div class=\"elementor-spacer-inner\"><\/div>\n\t\t<\/div>\n\t\t\t\t<\/div>\n\t\t\t\t<\/div>\n\t\t\t\t<div class=\"elementor-element elementor-element-1020d73 elementor-widget elementor-widget-text-editor\" data-id=\"1020d73\" data-element_type=\"widget\" data-widget_type=\"text-editor.default\">\n\t\t\t\t<div class=\"elementor-widget-container\">\n\t\t\t<style>\/*! elementor - v3.9.0 - 06-12-2022 *\/\n.elementor-widget-text-editor.elementor-drop-cap-view-stacked .elementor-drop-cap{background-color:#818a91;color:#fff}.elementor-widget-text-editor.elementor-drop-cap-view-framed .elementor-drop-cap{color:#818a91;border:3px solid;background-color:transparent}.elementor-widget-text-editor:not(.elementor-drop-cap-view-default) .elementor-drop-cap{margin-top:8px}.elementor-widget-text-editor:not(.elementor-drop-cap-view-default) .elementor-drop-cap-letter{width:1em;height:1em}.elementor-widget-text-editor .elementor-drop-cap{float:left;text-align:center;line-height:1;font-size:50px}.elementor-widget-text-editor .elementor-drop-cap-letter{display:inline-block}<\/style>\t\t\t\t<p>\u00c7erez Politikas\u0131<\/p>\t\t\t\t\t\t<\/div>\n\t\t\t\t<\/div>\n\t\t\t\t<div class=\"elementor-element elementor-element-d194363 elementor-widget elementor-widget-spacer\" data-id=\"d194363\" data-element_type=\"widget\" data-widget_type=\"spacer.default\">\n\t\t\t\t<div class=\"elementor-widget-container\">\n\t\t\t\t\t<div class=\"elementor-spacer\">\n\t\t\t<div class=\"elementor-spacer-inner\"><\/div>\n\t\t<\/div>\n\t\t\t\t<\/div>\n\t\t\t\t<\/div>\n\t\t\t\t\t<\/div>\n\t\t<\/div>\n\t\t\t\t\t\t\t<\/div>\n\t\t<\/section>\n\t\t\t\t<section class=\"elementor-section elementor-top-section elementor-element elementor-element-3e66f6e elementor-section-boxed elementor-section-height-default elementor-section-height-default\" data-id=\"3e66f6e\" data-element_type=\"section\">\n\t\t\t\t\t\t<div class=\"elementor-container elementor-column-gap-default\">\n\t\t\t\t\t<div class=\"elementor-column elementor-col-16 elementor-top-column elementor-element elementor-element-f875ba1\" data-id=\"f875ba1\" data-element_type=\"column\">\n\t\t\t<div class=\"elementor-widget-wrap\">\n\t\t\t\t\t\t\t\t\t<\/div>\n\t\t<\/div>\n\t\t\t\t<div class=\"elementor-column elementor-col-66 elementor-top-column elementor-element elementor-element-ccb60c1\" data-id=\"ccb60c1\" data-element_type=\"column\">\n\t\t\t<div class=\"elementor-widget-wrap elementor-element-populated\">\n\t\t\t\t\t\t\t\t<div class=\"elementor-element elementor-element-a783ca8 elementor-widget elementor-widget-text-editor\" data-id=\"a783ca8\" data-element_type=\"widget\" data-widget_type=\"text-editor.default\">\n\t\t\t\t<div class=\"elementor-widget-container\">\n\t\t\t\t\t\t\t<p style=\"text-align: center;\"><strong><span>ECEPLAST POLYMER DOOR AND WINDOW SYSTEMS<\/span><\/strong><\/p><p style=\"text-align: center;\"><strong><span>PRIVACY AND PERSONAL DATA PROTECTION POLICY<\/span><\/strong><\/p><p style=\"text-align: justify;\"><strong><span>As Ece Plast Polimer Door and Window Systems\u00a0<\/span><\/strong><span>\u00a0, with this &#8220;Information&#8221; letter we have prepared as Data Controller in accordance with the Personal Data Protection Law No. Within the framework of Article 11 titled \u201cRights of the Relevant Person\u201d;\u00a0We would like to inform you about the purpose for which your personal data will be processed, to whom and for what purpose your processed personal data can be transferred, the method and legal reason for the collection of your personal data, and your other rights listed in Article 11 of the KVKK:<\/span><\/p><p style=\"text-align: justify;\"><span>Subparagraph (a) of the 1st paragraph of Article 10 of the KVKK titled &#8216;Informing Obligation of the Data Controller&#8217; brought the obligation to provide information about the identity of the data controller.\u00a0In subparagraph (i) of paragraph 1 of Article 3 of the KVKK, data controller is defined as &#8216;real or legal persons who determine the purposes and means of processing personal data and are responsible for the establishment and management of the data recording system&#8217;.\u00a0In this context, the &#8216;identity of the data controller&#8217; is determined by Gaziantep Havaalan\u0131 Organize Sanayi B\u00f6lgesi 19 Nolu Cad.\u00d6kke\u015f Yi\u011fit Blv. No: 10 K\u00f6rk\u00fcn \/ O\u011fuzeli \/ Gaziantep\u00a0\u00a0<\/span><strong><span>Ece Plast Polimer Door and Window Systems<\/span><\/strong><span>\u00a0\u00a0.<\/span><\/p><p style=\"text-align: justify;\"><span>Your Personal Data is processed in accordance with the personal data processing principles specified in Article 4 of the KVKK, based on one or more of the personal data processing conditions specified in Article 5 of the KVKK.\u00a0<\/span><strong><span>In all personal data processing activities carried out by Ece Plast Polimer Door and Window Systems<\/span><\/strong><span>\u00a0, we act in accordance with the obligations sought in all relevant legislation, especially the KVKK.<\/span><\/p><p style=\"text-align: justify;\"><span>First of all, in the capacity of Data Controller, within the framework of the purpose that requires the processing of your personal data, which we have requested and shared with us in a limited and measured manner in connection with the purpose of processing;\u00a0It will be recorded, stored, preserved, rearranged, shared with the institutions that are legally authorized to request this personal data, transferred to domestic or foreign third parties, transferred, classified and processed in other ways listed in the KVKK in the cases and conditions stipulated by the KVKK. we&#8217;ll let you know.<\/span><\/p><p style=\"text-align: justify;\"><span>For the purposes of determining and implementing commercial and business strategies and ensuring the execution of our Company&#8217;s human resources policies, our member businesses, business partners, brands we work with, shareholders, legally authorized public institutions and private individuals, personal data processing conditions and purposes specified in Articles 8 and 9 of the KVKK framework can be transferred.\u00a0Your personal data can be kept in the country as well as transferred abroad in order to achieve the above-mentioned purposes by taking the necessary security measures.<\/span><\/p><p style=\"text-align: justify;\"><span>Your personal data, in accordance with the applicable legislation;\u00a0Our Company, Partners, Group Companies, affiliates, branches and liaison offices, solution partners with whom we cooperate or have a contractual relationship, may be collected verbally, in writing or electronically through channels such as our brands, and your information may be processed by these 3rd party companies, provided that they are not contrary to the legislation. .\u00a0If you do not consent to this, you can report it at any time;\u00a0we also keep your information unavailable as necessary.\u00a0However, if you do not accept this, in some cases, it may lead to limitation of functionality of our services.<\/span><\/p><p style=\"text-align: justify;\"><span>Our company implements technical and organizational security measures to protect your personal data managed by us, so that they are not manipulated, lost, damaged or used by unauthorized persons.<\/span><\/p><p style=\"text-align: justify;\"><strong><span>By contacting us at any time;<\/span><\/strong><\/p><ul class=\"lte-list\" style=\"text-align: justify;\"><li><span>Whether your personal data is processed or not,<\/span><\/li><li><span>If your personal data has been processed, information about it,<\/span><\/li><li><span>The purpose of using your personal data,<\/span><\/li><li><span>With which organizations and for what purpose<\/span><\/li><li><span>Correction of your incomplete or incorrectly recorded or used information,<\/span><\/li><li><span>Deletion or destruction of your information if the conditions stipulated in the law are met,<\/span><\/li><li><span>To make a counter-objection if a result arises against you by analyzing the processed data exclusively through automated systems,<\/span><\/li><li><span>If you believe that your information has been recorded or used unlawfully and you have suffered damage because of this, you can request the removal of the damage.<\/span><\/li><\/ul><p style=\"text-align: justify;\"><span>In order to take advantage of your rights under the law, you can fill in the information in the\u00a0<\/span><a href=\"https:\/\/www.eceplast.com.tr\/form.docx\"><strong><span>Application Form<\/span><\/strong><\/a><span>\u00a0on our website and\u00a0 send it to us.<\/span><\/p>\t\t\t\t\t\t<\/div>\n\t\t\t\t<\/div>\n\t\t\t\t\t<\/div>\n\t\t<\/div>\n\t\t\t\t<div class=\"elementor-column elementor-col-16 elementor-top-column elementor-element elementor-element-b7c7ede\" data-id=\"b7c7ede\" data-element_type=\"column\">\n\t\t\t<div class=\"elementor-widget-wrap\">\n\t\t\t\t\t\t\t\t\t<\/div>\n\t\t<\/div>\n\t\t\t\t\t\t\t<\/div>\n\t\t<\/section>\n\t\t\t\t\t\t\t<\/div>\n\t\t","protected":false},"excerpt":{"rendered":"<p>\u00c7erez Politikas\u0131 ECEPLAST POLYMER DOOR AND WINDOW SYSTEMS PRIVACY AND PERSONAL DATA PROTECTION POLICY As Ece Plast Polimer Door and Window Systems\u00a0\u00a0, with this &#8220;Information&#8221; letter we have prepared as Data Controller in accordance with the Personal Data Protection Law No. Within the framework of Article 11 titled \u201cRights of the Relevant Person\u201d;\u00a0We would like [&hellip;]<\/p>\n","protected":false},"author":1,"featured_media":0,"parent":0,"menu_order":0,"comment_status":"closed","ping_status":"closed","template":"prysm-elementor-full-width.php","meta":{"footnotes":""},"class_list":["post-2248","page","type-page","status-publish","hentry"],"_links":{"self":[{"href":"https:\/\/www.eceplast.com.tr\/en\/wp-json\/wp\/v2\/pages\/2248","targetHints":{"allow":["GET"]}}],"collection":[{"href":"https:\/\/www.eceplast.com.tr\/en\/wp-json\/wp\/v2\/pages"}],"about":[{"href":"https:\/\/www.eceplast.com.tr\/en\/wp-json\/wp\/v2\/types\/page"}],"author":[{"embeddable":true,"href":"https:\/\/www.eceplast.com.tr\/en\/wp-json\/wp\/v2\/users\/1"}],"replies":[{"embeddable":true,"href":"https:\/\/www.eceplast.com.tr\/en\/wp-json\/wp\/v2\/comments?post=2248"}],"version-history":[{"count":4,"href":"https:\/\/www.eceplast.com.tr\/en\/wp-json\/wp\/v2\/pages\/2248\/revisions"}],"predecessor-version":[{"id":2278,"href":"https:\/\/www.eceplast.com.tr\/en\/wp-json\/wp\/v2\/pages\/2248\/revisions\/2278"}],"wp:attachment":[{"href":"https:\/\/www.eceplast.com.tr\/en\/wp-json\/wp\/v2\/media?parent=2248"}],"curies":[{"name":"wp","href":"https:\/\/api.w.org\/{rel}","templated":true}]}}